{"id":5,"date":"2018-12-07T01:22:28","date_gmt":"2018-12-07T00:22:28","guid":{"rendered":"http:\/\/www.fahrschul-gmbh-ehingen.de\/?page_id=5"},"modified":"2026-04-14T19:57:22","modified_gmt":"2026-04-14T17:57:22","slug":"home","status":"publish","type":"page","link":"https:\/\/www.fahrschul-gmbh-ehingen.de\/index.php\/home\/","title":{"rendered":"Home"},"content":{"rendered":"\n\n\t<h1>\n\t\t\t\tHerzlich Willkommen bei der Fahrschul-GmbH Ehingen\n\t\t\t<\/h1>\n\t\t\t<h3>Aktuelle Kurse<\/h3>\t\t\t\n\t\t\t\t<p><strong>Berufskraftfahrer-Weiterbildung:<\/strong><\/p>\n<p><strong>Restpl\u00e4tze:<\/strong><\/p>\n<p><strong>Samstag 18.04.2026\u00a0 \u00a0 \u00a0Modul 1 Intelligent fahren\u00a0 \u00a0 \u00a0 5 Pl\u00e4tze<\/strong><\/p>\n<p><strong>Samstag 25.04.2026\u00a0 \u00a0 \u00a0Modul 1 Intelligent fahren\u00a0 \u00a0 \u00a0 8 Pl\u00e4tze<\/strong><\/p>\n<p><strong>Wir bieten im April und Mai jetzt wieder\u00a0Feierabendkurse an !<\/strong><\/p>\n<p><strong>Neue Termine f\u00fcr Feierabendkurse:<\/strong><\/p>\n<p><strong>Mittwoch 29.04.2026 und Donnerstag 30.04.2026\u00a0 \u00a0Modul 4 Professionell &amp; Kundenorientiert<\/strong><\/p>\n<p><strong>Donnerstag 07.05.2026 und Freitag 08.05.2026\u00a0 \u00a0 \u00a0 \u00a0Modul 5 G\u00fcterverkehr Spezial<\/strong><\/p>\n<p><strong>Ort: M\u00fcnsinger Stra\u00dfe 8 in Ehingen<\/strong><\/p>\n<p><strong>Beginn 18:30 Uhr, Ende 22:00 Uhr<\/strong><\/p>\n<p><strong>2 aufeinanderfolgende Tage = 1 Modul, <\/strong><\/p>\n<p><strong>Die Anmeldung f\u00fcr den 1. Tag ist automatisch die Anmeldung f\u00fcr beide Tage.<\/strong><\/p>\n<p><strong>Gerne informieren wir euch per Email:<\/strong><\/p>\n<p><strong>bruno@fahrschul-gmbh-ehingen.de<\/strong><\/p>\n<p><strong>oder unter 0171\/7733665.<\/strong><\/p>\n<p><strong>Gleich hier anmelden!<\/strong><\/p>\n\t\t\t<a href=\"#kurs\" target=\"_self\"   role=\"button\" aria-label=\"Kurs Buchen\">\n\t\t\t\t\t\t\t\t\t\t\tKurs Buchen\n\t\t<\/a>\n\t<h2>\n\t\t\t\tIhr Spezialist f\u00fcr Lkw und Busausbildung, Weiterbildung nach Berufskraftfahrer-Qualifikationsgesetz und beschleunigte Grundqualifikation\n\t\t\t<\/h2>\n\t<h2>\n\t\t\t\tZWEI FAHRSCHULEN &#8211; ALLE KLASSEN!\n\t\t\t<\/h2>\n\t<h2>\n\t\t\t\tLKW-F\u00fchrerschein\n\t\t\t<\/h2>\n<p>Seit 2022 bilden wir auf unserem neuen Actros 5 aus: Neuer Mercedes Actros 5 Streamspace, Wechselbr\u00fcckenzug, 420 PS, MirrorCam, Abstandsradar, Spurassistent, Abbiegeassistent 2, PPC Inter-Urban, Gesamtl\u00e4nge: 18,50m<\/p>\n\t<h2>\n\t\t\t\tBus-F\u00fchrerschein\n\t\t\t<\/h2>\n<p>Seit 1988 bildet die Fahrschul-GmbH Ehingen Lkw- und Busfahrer aus. F\u00fcr die Klasse D wird nach Bedarf ein Fahrzeug angemietet.<\/p>\n\t\t\t\t<img decoding=\"async\" src=\"http:\/\/www.fahrschul-gmbh-ehingen.de\/wp-content\/uploads\/2023\/02\/IMG_1054.jpeg\" alt=\"IMG_1054\" itemprop=\"image\" title=\"IMG_1054\" onerror=\"this.style.display='none'\"  \/>\n\t\t\t\t<img decoding=\"async\" src=\"http:\/\/www.fahrschul-gmbh-ehingen.de\/wp-content\/uploads\/2019\/05\/bus.jpg\" alt=\"bus\" itemprop=\"image\" title=\"bus\" onerror=\"this.style.display='none'\"  \/>\n\t<h2>\n\t\t\t\tWeiterbildung\n\t\t\t<\/h2>\n\t<p><strong>Pflichtweiterbildung f\u00fcr alle, die gewerbsm\u00e4\u00dfig fahren:<\/strong><\/p>\n<p>35 Stunden in Einheiten zu mindestens 7 Stunden alle 5 Jahre<\/p>\n\t<h3>\n\t\t\t\tWir bieten 5 Module an:\n\t\t\t<\/h3>\n\t<ul>\n\t\t<li>\t\t\t\t\n\t\t<h3>Modul 1 Intelligent Fahren<\/h3><\/li><li>\t\t\t\t\n\t\t<h3>Modul 2 Sozialvorschriften und Fahrtenschreiber<\/h3><\/li><li>\t\t\t\t\n\t\t<h3>Modul 3 Gefahrenwahrnehmung<\/h3><\/li><li>\t\t\t\t\n\t\t<h3>Modul 4 Schadenspr\u00e4vention<\/h3><\/li><li>\t\t\t\t\n\t\t<h3>Modul 5 Sicherheit f\u00fcr Ladung &#038; Fahrgast<\/h3><\/li>\t<\/ul>\n\t<strong>Die Reihenfolge der Module ist nicht vorgeschrieben.<\/strong><br \/>\n<strong>Gerne passen wir die Inhalte an die Bed\u00fcrfnisse ihrer Firma an.<\/strong>\n\t<h2>\n\t\t\t\tAktuelle Kurse\n\t\t\t<\/h2>\n\t<p>Suchen Sie sich Ihren Kurs heraus und melden Sie sich an.<\/p>\n\t<div class=\"booked-calendar-shortcode-wrap\"><div class=\"booked-calendar-wrap large\"><div class=\"booked-calendar\" data-calendar-id=\"22\" data-calendar-date=\"2026-04-01\">\n\t\t<div class=\"bc-head\">\n\n\t\t\t\n\t\t\t<div class=\"bc-row top\">\n\t\t\t\t<div class=\"bc-col\">\n\t\t\t\t\t\t\t\t\t\t<span class=\"calendarSavingState\">\n\t\t\t\t\t\t<i class=\"fa-solid fa-circle-notch fa-spin\"><\/i>\n\t\t\t\t\t<\/span>\n\t\t\t\t\t<span class=\"monthName\">\n\t\t\t\t\t\tApril 2026\t\t\t\t\t\t\t\t\t\t\t<\/span>\n\t\t\t\t\t<a href=\"#\" data-goto=\"2026-05-01\" class=\"page-right\"><i class=\"fa-solid fa-arrow-right\"><\/i><\/a>\t\t\t\t<\/div>\n\t\t\t<\/div>\n\t\t\t<div class=\"bc-row days\">\n\t\t\t\t\t\t\t\t<div class=\"bc-col\">Mo.<\/div>\n\t\t\t\t<div class=\"bc-col\">Di.<\/div>\n\t\t\t\t<div class=\"bc-col\">Mi.<\/div>\n\t\t\t\t<div class=\"bc-col\">Do.<\/div>\n\t\t\t\t<div class=\"bc-col\">Fr.<\/div>\n\t\t\t\t<div class=\"bc-col\">Sa.<\/div>\t\t\t\t<div class=\"bc-col\">So.<\/div>\t\t\t<\/div>\n\t\t<\/div>\n\t\t<div class=\"bc-body\"><div class=\"bc-row week\"><div data-date=\"2026-03-30\" class=\"bc-col prev-month prev-date\"><span class=\"date\"><span class=\"number\">30<\/span><\/span><\/div><div data-date=\"2026-03-31\" class=\"bc-col prev-month prev-date\"><span class=\"date\"><span class=\"number\">31<\/span><\/span><\/div><div data-date=\"2026-04-1\" class=\"bc-col prev-date\"><span class=\"date\"><span class=\"number\">1<\/span><\/span><\/div><div data-date=\"2026-04-2\" class=\"bc-col prev-date\"><span class=\"date\"><span class=\"number\">2<\/span><\/span><\/div><div data-date=\"2026-04-3\" class=\"bc-col prev-date\"><span class=\"date\"><span class=\"number\">3<\/span><\/span><\/div><div data-date=\"2026-04-4\" class=\"bc-col prev-date\"><span class=\"date\"><span class=\"number\">4<\/span><\/span><\/div><div data-date=\"2026-04-5\" class=\"bc-col prev-date\"><span class=\"date\"><span class=\"number\">5<\/span><\/span><\/div><\/div><div class=\"bc-row week\"><div data-date=\"2026-04-6\" class=\"bc-col prev-date\"><span class=\"date\"><span class=\"number\">6<\/span><\/span><\/div><div data-date=\"2026-04-7\" class=\"bc-col prev-date\"><span class=\"date\"><span class=\"number\">7<\/span><\/span><\/div><div data-date=\"2026-04-8\" class=\"bc-col prev-date\"><span class=\"date\"><span class=\"number\">8<\/span><\/span><\/div><div data-date=\"2026-04-9\" class=\"bc-col prev-date\"><span class=\"date\"><span class=\"number\">9<\/span><\/span><\/div><div data-date=\"2026-04-10\" class=\"bc-col prev-date\"><span class=\"date\"><span class=\"number\">10<\/span><\/span><\/div><div data-date=\"2026-04-11\" class=\"bc-col prev-date\"><span class=\"date\"><span class=\"number\">11<\/span><\/span><\/div><div data-date=\"2026-04-12\" class=\"bc-col prev-date\"><span class=\"date\"><span class=\"number\">12<\/span><\/span><\/div><\/div><div class=\"bc-row week\"><div data-date=\"2026-04-13\" class=\"bc-col prev-date\"><span class=\"date\"><span class=\"number\">13<\/span><\/span><\/div><div data-date=\"2026-04-14\" class=\"bc-col prev-date\"><span class=\"date\"><span class=\"number\">14<\/span><\/span><\/div><div data-date=\"2026-04-15\" class=\"bc-col prev-date\"><span class=\"date\"><span class=\"number\">15<\/span><\/span><\/div><div data-date=\"2026-04-16\" class=\"bc-col prev-date\"><span class=\"date\"><span class=\"number\">16<\/span><\/span><\/div><div data-date=\"2026-04-17\" class=\"bc-col prev-date\"><span class=\"date\"><span class=\"number\">17<\/span><\/span><\/div><div data-date=\"2026-04-18\" class=\"bc-col prev-date\"><span class=\"date\"><span class=\"number\">18<\/span><\/span><\/div><div data-date=\"2026-04-19\" class=\"bc-col prev-date\"><span class=\"date\"><span class=\"number\">19<\/span><\/span><\/div><\/div><div class=\"bc-row week\"><div data-date=\"2026-04-20\" class=\"bc-col prev-date\"><span class=\"date\"><span class=\"number\">20<\/span><\/span><\/div><div data-date=\"2026-04-21\" class=\"bc-col prev-date\"><span class=\"date\"><span class=\"number\">21<\/span><\/span><\/div><div data-date=\"2026-04-22\" class=\"bc-col prev-date\"><span class=\"date\"><span class=\"number\">22<\/span><\/span><\/div><div data-date=\"2026-04-23\" class=\"bc-col today\"><span class=\"date tooltipster\" title=\"24 Verf\u00fcgbar\"><span class=\"number\">23<\/span><\/span><\/div><div data-date=\"2026-04-24\" class=\"bc-col prev-date\"><span class=\"date\"><span class=\"number\">24<\/span><\/span><\/div><div data-date=\"2026-04-25\" class=\"bc-col \"><span class=\"date tooltipster\" title=\"8 Verf\u00fcgbar\"><span class=\"number\">25<\/span><\/span><\/div><div data-date=\"2026-04-26\" class=\"bc-col prev-date\"><span class=\"date\"><span class=\"number\">26<\/span><\/span><\/div><\/div><div class=\"bc-row week\"><div data-date=\"2026-04-27\" class=\"bc-col prev-date\"><span class=\"date\"><span class=\"number\">27<\/span><\/span><\/div><div data-date=\"2026-04-28\" class=\"bc-col prev-date\"><span class=\"date\"><span class=\"number\">28<\/span><\/span><\/div><div data-date=\"2026-04-29\" class=\"bc-col \"><span class=\"date tooltipster\" title=\"11 Verf\u00fcgbar\"><span class=\"number\">29<\/span><\/span><\/div><div data-date=\"2026-04-30\" class=\"bc-col prev-date\"><span class=\"date\"><span class=\"number\">30<\/span><\/span><\/div><div data-date=\"2026-05-1\" class=\"bc-col next-month prev-date\"><span class=\"date\"><span class=\"number\">1<\/span><\/span><\/div><div data-date=\"2026-05-2\" class=\"bc-col next-month prev-date\"><span class=\"date\"><span class=\"number\">2<\/span><\/span><\/div><div data-date=\"2026-05-3\" class=\"bc-col next-month prev-date\"><span class=\"date\"><span class=\"number\">3<\/span><\/span><\/div><\/div>\t\t<\/div>\n\t<\/div><\/div><\/div>\n\t<h2>\n\t\t\t\tGrundqualifikationen\n\t\t\t<\/h2>\n\t<strong>Wer ben\u00f6tigt eine Grundqualifikation nach Berufskraftfahrer-Qualifikationsgesetz?<\/strong><br \/>\nAlle die gewerblich ein Kraftfahrzeug f\u00fchren, soweit sie die Fahrten im G\u00fcterkraft- oder Personenverkehr zu gewerblichen Zwecken auf \u00f6ffentlichen Stra\u00dfen mit Kraftfahrzeugen durchf\u00fchren, f\u00fcr die eine Fahrerlaubnis der Klassen C1, C1E, C, CE, D1, D1E, D oder DE erforderlich ist.\n\t<h2>\n\t\t\t\tKONTAKTIEREN SIE UNS\n\t\t\t<\/h2>\n\t\t\t\t<img decoding=\"async\" src=\"http:\/\/www.fahrschul-gmbh-ehingen.de\/wp-content\/uploads\/2019\/06\/Logo-FGE-JULI-2018-03-300x201.jpg\" alt=\"Logo-FGE-JULI-2018-03\" itemprop=\"image\" title=\"Logo-FGE-JULI-2018-03\" onerror=\"this.style.display='none'\"  \/>\n\tM\u00fcnsinger Stra\u00dfe 8<br \/>\n89584 Ehingen\nTelefon: 07391 \/ 52525<br \/>\nFax:\u00a0 \u00a0 \u00a0 \u00a007391 \/ 72789<br \/>\nHandy:\u00a0 0171 \/ 7733665\n\n","protected":false},"excerpt":{"rendered":"<p>Herzlich Willkommen bei der Fahrschul-GmbH Ehingen Aktuelle Kurse Berufskraftfahrer-Weiterbildung: Restpl\u00e4tze: Samstag 18.04.2026\u00a0 \u00a0 \u00a0Modul 1 Intelligent fahren\u00a0 \u00a0 \u00a0 5 Pl\u00e4tze Samstag 25.04.2026\u00a0 \u00a0 \u00a0Modul 1 Intelligent fahren\u00a0 \u00a0 \u00a0 8 Pl\u00e4tze Wir bieten im April und Mai jetzt wieder\u00a0Feierabendkurse an ! Neue Termine f\u00fcr Feierabendkurse: Mittwoch 29.04.2026 und Donnerstag 30.04.2026\u00a0 \u00a0Modul 4 Professionell &amp;&hellip;<\/p>\n","protected":false},"author":1,"featured_media":0,"parent":0,"menu_order":0,"comment_status":"closed","ping_status":"closed","template":"","meta":{"footnotes":""},"class_list":["post-5","page","type-page","status-publish","hentry"],"_links":{"self":[{"href":"https:\/\/www.fahrschul-gmbh-ehingen.de\/index.php\/wp-json\/wp\/v2\/pages\/5","targetHints":{"allow":["GET"]}}],"collection":[{"href":"https:\/\/www.fahrschul-gmbh-ehingen.de\/index.php\/wp-json\/wp\/v2\/pages"}],"about":[{"href":"https:\/\/www.fahrschul-gmbh-ehingen.de\/index.php\/wp-json\/wp\/v2\/types\/page"}],"author":[{"embeddable":true,"href":"https:\/\/www.fahrschul-gmbh-ehingen.de\/index.php\/wp-json\/wp\/v2\/users\/1"}],"replies":[{"embeddable":true,"href":"https:\/\/www.fahrschul-gmbh-ehingen.de\/index.php\/wp-json\/wp\/v2\/comments?post=5"}],"version-history":[{"count":224,"href":"https:\/\/www.fahrschul-gmbh-ehingen.de\/index.php\/wp-json\/wp\/v2\/pages\/5\/revisions"}],"predecessor-version":[{"id":1223,"href":"https:\/\/www.fahrschul-gmbh-ehingen.de\/index.php\/wp-json\/wp\/v2\/pages\/5\/revisions\/1223"}],"wp:attachment":[{"href":"https:\/\/www.fahrschul-gmbh-ehingen.de\/index.php\/wp-json\/wp\/v2\/media?parent=5"}],"curies":[{"name":"wp","href":"https:\/\/api.w.org\/{rel}","templated":true}]}}